{"id":377,"date":"2022-02-27T17:31:04","date_gmt":"2022-02-27T17:31:04","guid":{"rendered":"https:\/\/festivall.ro\/homepage-hu\/"},"modified":"2022-04-03T15:58:36","modified_gmt":"2022-04-03T15:58:36","slug":"homepage-hu","status":"publish","type":"page","link":"https:\/\/festivall.ro\/ro\/","title":{"rendered":"!Homepage-RO"},"content":{"rendered":"<p>[vc_row equal_height=&#8221;yes&#8221; el_id=&#8221;homeTopIcons&#8221;][vc_column width=&#8221;1\/6&#8243;]<div class=\"aio-icon-component    style_1\"><a class=\"aio-icon-box-link\" href=\"https:\/\/festivall.ro\/rendezvenysator-berles-es-kolcsonzes\/\" title=\"Rendezv\u00e9nys\u00e1tor b\u00e9rl\u00e9s \u00e9s k\u00f6lcs\u00f6nz\u00e9s\" ><div id=\"Info-box-wrap-4811\" class=\"aio-icon-box top-icon\" style=\"\"  ><div class=\"aio-icon-top\"><div class=\"ult-just-icon-wrapper  \"><div class=\"align-icon\" style=\"text-align:center;\">\n<div class=\"aio-icon-img \" style=\"font-size:48px;display:inline-block;\" data-animation=\"fadeInUp\" data-animation-delay=\"03\">\n\t<img class=\"img-icon\" alt=\"null\" src=\"https:\/\/festivall.ro\/wp-content\/uploads\/2022\/02\/ico-tents.png\"\/>\n<\/div><\/div><\/div><\/div><div class=\"aio-icon-header\" ><div class=\"aio-icon-title ult-responsive\"  data-ultimate-target='#Info-box-wrap-4811 .aio-icon-title'  data-responsive-json-new='{\"font-size\":\"\",\"line-height\":\"\"}'  style=\"\">S\u00e1trak<\/div><\/div> <!-- header --><\/div> <!-- aio-icon-box --><\/a><\/div> <!-- aio-icon-component -->[\/vc_column][vc_column width=&#8221;1\/6&#8243;]<div class=\"aio-icon-component    style_1\"><a class=\"aio-icon-box-link\" href=\"https:\/\/festivall.ro\/asztalok-szekek-konyoklok\/\" title=\"Asztalok, sz\u00e9kek, k\u00f6ny\u00f6kl\u0151k\" ><div id=\"Info-box-wrap-9885\" class=\"aio-icon-box top-icon\" style=\"\"  ><div class=\"aio-icon-top\"><div class=\"ult-just-icon-wrapper  \"><div class=\"align-icon\" style=\"text-align:center;\">\n<div class=\"aio-icon-img \" style=\"font-size:48px;display:inline-block;\" data-animation=\"fadeInUp\" data-animation-delay=\"03\">\n\t<img class=\"img-icon\" alt=\"null\" src=\"https:\/\/festivall.ro\/wp-content\/uploads\/2022\/02\/ico-tables.png\"\/>\n<\/div><\/div><\/div><\/div><div class=\"aio-icon-header\" ><div class=\"aio-icon-title ult-responsive\"  data-ultimate-target='#Info-box-wrap-9885 .aio-icon-title'  data-responsive-json-new='{\"font-size\":\"\",\"line-height\":\"\"}'  style=\"\">Asztalok, Sz\u00e9kek, K\u00f6ny\u00f6kl\u0151k<\/div><\/div> <!-- header --><\/div> <!-- aio-icon-box --><\/a><\/div> <!-- aio-icon-component -->[\/vc_column][vc_column width=&#8221;1\/6&#8243;]<div class=\"aio-icon-component    style_1\"><a class=\"aio-icon-box-link\" href=\"https:\/\/festivall.ro\/textilek\/\" title=\"Textilek\" ><div id=\"Info-box-wrap-6130\" class=\"aio-icon-box top-icon\" style=\"\"  ><div class=\"aio-icon-top\"><div class=\"ult-just-icon-wrapper  \"><div class=\"align-icon\" style=\"text-align:center;\">\n<div class=\"aio-icon-img \" style=\"font-size:48px;display:inline-block;\" data-animation=\"fadeInUp\" data-animation-delay=\"03\">\n\t<img class=\"img-icon\" alt=\"null\" src=\"https:\/\/festivall.ro\/wp-content\/uploads\/2022\/02\/ico-textils.png\"\/>\n<\/div><\/div><\/div><\/div><div class=\"aio-icon-header\" ><div class=\"aio-icon-title ult-responsive\"  data-ultimate-target='#Info-box-wrap-6130 .aio-icon-title'  data-responsive-json-new='{\"font-size\":\"\",\"line-height\":\"\"}'  style=\"\">Textilek, Huzatok<\/div><\/div> <!-- header --><\/div> <!-- aio-icon-box --><\/a><\/div> <!-- aio-icon-component -->[\/vc_column][vc_column width=&#8221;1\/6&#8243;]<div class=\"aio-icon-component    style_1\"><a class=\"aio-icon-box-link\" href=\"https:\/\/festivall.ro\/diszito-installaciok\/\" title=\"D\u00edsz\u00edt\u0151 install\u00e1ci\u00f3k\" ><div id=\"Info-box-wrap-9269\" class=\"aio-icon-box top-icon\" style=\"\"  ><div class=\"aio-icon-top\"><div class=\"ult-just-icon-wrapper  \"><div class=\"align-icon\" style=\"text-align:center;\">\n<div class=\"aio-icon-img \" style=\"font-size:48px;display:inline-block;\" data-animation=\"fadeInUp\" data-animation-delay=\"03\">\n\t<img class=\"img-icon\" alt=\"null\" src=\"https:\/\/festivall.ro\/wp-content\/uploads\/2022\/02\/ico-installations.png\"\/>\n<\/div><\/div><\/div><\/div><div class=\"aio-icon-header\" ><div class=\"aio-icon-title ult-responsive\"  data-ultimate-target='#Info-box-wrap-9269 .aio-icon-title'  data-responsive-json-new='{\"font-size\":\"\",\"line-height\":\"\"}'  style=\"\">D\u00edsz\u00edt\u0151 Install\u00e1ci\u00f3k<\/div><\/div> <!-- header --><\/div> <!-- aio-icon-box --><\/a><\/div> <!-- aio-icon-component -->[\/vc_column][vc_column width=&#8221;1\/6&#8243;]<div class=\"aio-icon-component    style_1\"><a class=\"aio-icon-box-link\" href=\"https:\/\/festivall.ro\/epitoipari-berendezesek\/\" title=\"\u00c9p\u00edt\u0151ipari berendez\u00e9sek\" ><div id=\"Info-box-wrap-1897\" class=\"aio-icon-box top-icon\" style=\"\"  ><div class=\"aio-icon-top\"><div class=\"ult-just-icon-wrapper  \"><div class=\"align-icon\" style=\"text-align:center;\">\n<div class=\"aio-icon-img \" style=\"font-size:48px;display:inline-block;\" data-animation=\"fadeInUp\" data-animation-delay=\"03\">\n\t<img class=\"img-icon\" alt=\"null\" src=\"https:\/\/festivall.ro\/wp-content\/uploads\/2022\/02\/ico-fence.png\"\/>\n<\/div><\/div><\/div><\/div><div class=\"aio-icon-header\" ><div class=\"aio-icon-title ult-responsive\"  data-ultimate-target='#Info-box-wrap-1897 .aio-icon-title'  data-responsive-json-new='{\"font-size\":\"\",\"line-height\":\"\"}'  style=\"\">\u00c9p\u00edt\u0151ipari Berendez\u00e9sek<\/div><\/div> <!-- header --><\/div> <!-- aio-icon-box --><\/a><\/div> <!-- aio-icon-component -->[\/vc_column][vc_column width=&#8221;1\/6&#8243;]<div class=\"aio-icon-component    style_1\"><a class=\"aio-icon-box-link\" href=\"https:\/\/festivall.ro\/higieniai-eszkozok\/\" title=\"Higi\u00e9niai eszk\u00f6z\u00f6k\" ><div id=\"Info-box-wrap-8039\" class=\"aio-icon-box top-icon\" style=\"\"  ><div class=\"aio-icon-top\"><div class=\"ult-just-icon-wrapper  \"><div class=\"align-icon\" style=\"text-align:center;\">\n<div class=\"aio-icon-img \" style=\"font-size:48px;display:inline-block;\" data-animation=\"fadeInUp\" data-animation-delay=\"03\">\n\t<img class=\"img-icon\" alt=\"null\" src=\"https:\/\/festivall.ro\/wp-content\/uploads\/2022\/02\/ico-hygiene.png\"\/>\n<\/div><\/div><\/div><\/div><div class=\"aio-icon-header\" ><div class=\"aio-icon-title ult-responsive\"  data-ultimate-target='#Info-box-wrap-8039 .aio-icon-title'  data-responsive-json-new='{\"font-size\":\"\",\"line-height\":\"\"}'  style=\"\">Higi\u00e9niai eszk\u00f6z\u00f6k<\/div><\/div> <!-- header --><\/div> <!-- aio-icon-box --><\/a><\/div> <!-- aio-icon-component -->[\/vc_column][vc_column width=&#8221;1\/6&#8243;]<div class=\"aio-icon-component    style_1\"><a class=\"aio-icon-box-link\" href=\"https:\/\/festivall.ro\/elektromos-kellekek\/\" title=\"Elektromos kell\u00e9kek\" ><div id=\"Info-box-wrap-9336\" class=\"aio-icon-box top-icon\" style=\"\"  ><div class=\"aio-icon-top\"><div class=\"ult-just-icon-wrapper  \"><div class=\"align-icon\" style=\"text-align:center;\">\n<div class=\"aio-icon-img \" style=\"font-size:48px;display:inline-block;\" data-animation=\"fadeInUp\" data-animation-delay=\"03\">\n\t<img class=\"img-icon\" alt=\"null\" src=\"https:\/\/festivall.ro\/wp-content\/uploads\/2022\/02\/ico-powerstrip.png\"\/>\n<\/div><\/div><\/div><\/div><div class=\"aio-icon-header\" ><div class=\"aio-icon-title ult-responsive\"  data-ultimate-target='#Info-box-wrap-9336 .aio-icon-title'  data-responsive-json-new='{\"font-size\":\"\",\"line-height\":\"\"}'  style=\"\">Elektromos kell\u00e9kek<\/div><\/div> <!-- header --><\/div> <!-- aio-icon-box --><\/a><\/div> <!-- aio-icon-component -->[\/vc_column][\/vc_row][vc_row full_width=&#8221;stretch_row_content&#8221; equal_height=&#8221;yes&#8221; content_placement=&#8221;middle&#8221; el_id=&#8221;homeTentRow&#8221; el_class=&#8221;row-home&#8221;][vc_column width=&#8221;1\/2&#8243; el_class=&#8221;col-img&#8221; css=&#8221;.vc_custom_1646026761559{background-image: url(https:\/\/festivall.ro\/wp-content\/uploads\/2022\/02\/bg-tents.jpg?id=39) !important;background-position: center !important;background-repeat: no-repeat !important;background-size: cover !important;}&#8221;][vc_single_image image=&#8221;32&#8243; img_size=&#8221;full&#8221; alignment=&#8221;center&#8221;][\/vc_column][vc_column width=&#8221;1\/2&#8243; el_class=&#8221;col-txt&#8221;][vc_row_inner][vc_column_inner width=&#8221;2\/3&#8243;][vc_custom_heading text=&#8221;Rendezv\u00e9nys\u00e1tor b\u00e9rl\u00e9s \u00e9s k\u00f6lcs\u00f6nz\u00e9s&#8221; use_theme_fonts=&#8221;yes&#8221;][vc_column_text]Egyedi alkalmakra tudunk megfelel\u0151 m\u00e9ret\u0171 \u00e9s beoszt\u00e1s\u00fa rendezv\u00e9ny s\u00e1trat k\u00f6lcs\u00f6n\u00f6zni.<\/p>\n<p>S\u00e1traink:<\/p>\n<ul>\n<li>3&#215;3<\/li>\n<li>5&#215;10<\/li>\n<li>6&#215;8<\/li>\n<li>afrikai<\/li>\n<\/ul>\n<p>[\/vc_column_text]<style type=\"text\/css\" data-type=\"the7_shortcodes-inline-css\">#default-btn-ed0eb21aeed2afde6e8307827557fd17.ico-right-side > i {\n  margin-right: 0px;\n  margin-left: 8px;\n}\n#default-btn-ed0eb21aeed2afde6e8307827557fd17 > i {\n  margin-right: 8px;\n}\n<\/style><a href=\"https:\/\/festivall.ro\/rendezvenysator-berles-es-kolcsonzes\/\" class=\"default-btn-shortcode dt-btn dt-btn-l link-hover-off btn-inline-left \" id=\"default-btn-ed0eb21aeed2afde6e8307827557fd17\" title=\"Rendezv\u00e9nys\u00e1tor b\u00e9rl\u00e9s \u00e9s k\u00f6lcs\u00f6nz\u00e9s\"><span>B\u0151vebben<\/span><\/a>[\/vc_column_inner][vc_column_inner width=&#8221;1\/3&#8243;][\/vc_column_inner][\/vc_row_inner][\/vc_column][\/vc_row][vc_row full_width=&#8221;stretch_row_content&#8221; equal_height=&#8221;yes&#8221; content_placement=&#8221;middle&#8221; el_id=&#8221;homeTableRow&#8221; el_class=&#8221;row-home&#8221;][vc_column width=&#8221;1\/2&#8243; el_class=&#8221;col-txt&#8221;][vc_row_inner][vc_column_inner width=&#8221;1\/3&#8243;][\/vc_column_inner][vc_column_inner width=&#8221;2\/3&#8243;][vc_custom_heading text=&#8221;Asztalok, sz\u00e9kek, k\u00f6ny\u00f6kl\u0151k&#8221; use_theme_fonts=&#8221;yes&#8221;][vc_column_text]Egy rendezv\u00e9ny siker\u00e9hez elengedhetetlen, hogy a r\u00e9sztvev\u0151k sz\u00e1m\u00e1ra k\u00e9nyelmes k\u00f6r\u00fclm\u00e9nyeket teremts\u00fcnk, amelyhez mindezek elengedhetetlen kell\u00e9kek.<\/p>\n<ul>\n<li>asztal<\/li>\n<li>k\u00f6ny\u00f6kl\u0151<\/li>\n<li>m\u0171anyag sz\u00e9k<\/li>\n<\/ul>\n<p>[\/vc_column_text]<style type=\"text\/css\" data-type=\"the7_shortcodes-inline-css\">#default-btn-82afb04f6da30a0fb107babd698111f3.ico-right-side > i {\n  margin-right: 0px;\n  margin-left: 8px;\n}\n#default-btn-82afb04f6da30a0fb107babd698111f3 > i {\n  margin-right: 8px;\n}\n<\/style><a href=\"https:\/\/festivall.ro\/asztalok-szekek-konyoklok\/\" class=\"default-btn-shortcode dt-btn dt-btn-l link-hover-off btn-inline-left \" id=\"default-btn-82afb04f6da30a0fb107babd698111f3\" title=\"Asztalok, sz\u00e9kek, k\u00f6ny\u00f6kl\u0151k\"><span>B\u0151vebben<\/span><\/a>[\/vc_column_inner][\/vc_row_inner][\/vc_column][vc_column width=&#8221;1\/2&#8243; el_class=&#8221;col-img&#8221; css=&#8221;.vc_custom_1646028031274{background-image: url(https:\/\/festivall.ro\/wp-content\/uploads\/2022\/02\/bg-table.jpg?id=46) !important;background-position: center !important;background-repeat: no-repeat !important;background-size: cover !important;}&#8221;][vc_single_image image=&#8221;31&#8243; img_size=&#8221;full&#8221; alignment=&#8221;center&#8221;][\/vc_column][\/vc_row][vc_row full_width=&#8221;stretch_row_content&#8221; equal_height=&#8221;yes&#8221; content_placement=&#8221;middle&#8221; el_id=&#8221;homeTextileRow&#8221; el_class=&#8221;row-home&#8221;][vc_column width=&#8221;1\/2&#8243; el_class=&#8221;col-img&#8221; css=&#8221;.vc_custom_1646028569957{background-image: url(https:\/\/festivall.ro\/wp-content\/uploads\/2022\/02\/bg-textiles.jpg?id=49) !important;background-position: center !important;background-repeat: no-repeat !important;background-size: cover !important;}&#8221;][vc_single_image image=&#8221;33&#8243; img_size=&#8221;full&#8221; alignment=&#8221;center&#8221;][\/vc_column][vc_column width=&#8221;1\/2&#8243; el_class=&#8221;col-txt&#8221;][vc_row_inner][vc_column_inner width=&#8221;2\/3&#8243;][vc_custom_heading text=&#8221;Textilek&#8221; use_theme_fonts=&#8221;yes&#8221;][vc_column_text]Hangulatosabb\u00e1 \u00e9s eleg\u00e1nsabb\u00e1 tehet b\u00e1rmely rendezv\u00e9nyt, ha az asztali dekorra is elegend\u0151 figyelmet ford\u00edtunk. Mi ebben is seg\u00edt\u00fcnk!<\/p>\n<ul>\n<li>k\u00f6ny\u00f6kl\u0151 huzat<\/li>\n<li>asztal huzat<\/li>\n<li>asztalter\u00edt\u0151<\/li>\n<li>asztalcs\u00edk<\/li>\n<\/ul>\n<p>[\/vc_column_text]<style type=\"text\/css\" data-type=\"the7_shortcodes-inline-css\">#default-btn-6123c4fe5b11b5f6ec1741546053d00d.ico-right-side > i {\n  margin-right: 0px;\n  margin-left: 8px;\n}\n#default-btn-6123c4fe5b11b5f6ec1741546053d00d > i {\n  margin-right: 8px;\n}\n<\/style><a href=\"https:\/\/festivall.ro\/textilek\/\" class=\"default-btn-shortcode dt-btn dt-btn-l link-hover-off btn-inline-left \" id=\"default-btn-6123c4fe5b11b5f6ec1741546053d00d\" title=\"Textilek\"><span>B\u0151vebben<\/span><\/a>[\/vc_column_inner][vc_column_inner width=&#8221;1\/3&#8243;][\/vc_column_inner][\/vc_row_inner][\/vc_column][\/vc_row][vc_row full_width=&#8221;stretch_row_content&#8221; equal_height=&#8221;yes&#8221; content_placement=&#8221;middle&#8221; el_id=&#8221;homeInstallationsRow&#8221; el_class=&#8221;row-home&#8221;][vc_column width=&#8221;1\/2&#8243; el_class=&#8221;col-txt&#8221;][vc_row_inner][vc_column_inner width=&#8221;1\/3&#8243;][\/vc_column_inner][vc_column_inner width=&#8221;2\/3&#8243;][vc_custom_heading text=&#8221;D\u00edsz\u00edt\u0151 install\u00e1ci\u00f3k&#8221; use_theme_fonts=&#8221;yes&#8221;][vc_column_text]Otthonosabb\u00e1 \u00e9s meghittebb\u00e9 tehet\u00fcnk b\u00e1rmilyen k\u00fclt\u00e9ri rendezv\u00e9nyt, ha a dekor\u00e1ci\u00f3ra is kell\u0151 figyelmet szentel\u00fcnk.<\/p>\n<ul>\n<li>napvitorla<\/li>\n<li>raklap b\u00fator<\/li>\n<li>p\u00e1rn\u00e1k raklap b\u00fatorra<\/li>\n<\/ul>\n<p>[\/vc_column_text]<style type=\"text\/css\" data-type=\"the7_shortcodes-inline-css\">#default-btn-96f4397f726fb251fa5380f40994b11e.ico-right-side > i {\n  margin-right: 0px;\n  margin-left: 8px;\n}\n#default-btn-96f4397f726fb251fa5380f40994b11e > i {\n  margin-right: 8px;\n}\n<\/style><a href=\"https:\/\/festivall.ro\/diszito-installaciok\/\" class=\"default-btn-shortcode dt-btn dt-btn-l link-hover-off btn-inline-left \" id=\"default-btn-96f4397f726fb251fa5380f40994b11e\" title=\"D\u00edsz\u00edt\u0151 install\u00e1ci\u00f3k\"><span>B\u0151vebben<\/span><\/a>[\/vc_column_inner][\/vc_row_inner][\/vc_column][vc_column width=&#8221;1\/2&#8243; el_class=&#8221;col-img&#8221; css=&#8221;.vc_custom_1646065524778{background-image: url(https:\/\/festivall.ro\/wp-content\/uploads\/2022\/02\/bg-installations.jpg?id=52) !important;background-position: center !important;background-repeat: no-repeat !important;background-size: cover !important;}&#8221;][vc_single_image image=&#8221;29&#8243; img_size=&#8221;full&#8221; alignment=&#8221;center&#8221;][\/vc_column][\/vc_row][vc_row full_width=&#8221;stretch_row_content&#8221; equal_height=&#8221;yes&#8221; content_placement=&#8221;middle&#8221; el_id=&#8221;homeFenceRow&#8221; el_class=&#8221;row-home&#8221;][vc_column width=&#8221;1\/2&#8243; el_class=&#8221;col-img&#8221; css=&#8221;.vc_custom_1646066258144{background-image: url(https:\/\/festivall.ro\/wp-content\/uploads\/2022\/02\/bg-fences.jpg?id=55) !important;background-position: center !important;background-repeat: no-repeat !important;background-size: cover !important;}&#8221;][vc_single_image image=&#8221;27&#8243; img_size=&#8221;full&#8221; alignment=&#8221;center&#8221;][\/vc_column][vc_column width=&#8221;1\/2&#8243; el_class=&#8221;col-txt&#8221;][vc_row_inner][vc_column_inner width=&#8221;2\/3&#8243;][vc_custom_heading text=&#8221;\u00c9p\u00edt\u0151ipari berendez\u00e9sek&#8221; use_theme_fonts=&#8221;yes&#8221;][vc_column_text]N\u00e1lunk a r\u00e9sztvev\u0151k biztons\u00e1ga els\u0151dleges szempont, ehhez pedig elengedhetetlen a pontos infrastrukt\u00fara kialak\u00edt\u00e1sa.<\/p>\n<ul>\n<li>mobil ker\u00edt\u00e9s<\/li>\n<li>mobil kordon<\/li>\n<\/ul>\n<p>[\/vc_column_text]<style type=\"text\/css\" data-type=\"the7_shortcodes-inline-css\">#default-btn-71864d8466ecc9fbf97d61c5f5bf1b83.ico-right-side > i {\n  margin-right: 0px;\n  margin-left: 8px;\n}\n#default-btn-71864d8466ecc9fbf97d61c5f5bf1b83 > i {\n  margin-right: 8px;\n}\n<\/style><a href=\"https:\/\/festivall.ro\/epitoipari-berendezesek\/\" class=\"default-btn-shortcode dt-btn dt-btn-l link-hover-off btn-inline-left \" id=\"default-btn-71864d8466ecc9fbf97d61c5f5bf1b83\" title=\"\u00c9p\u00edt\u0151ipari berendez\u00e9sek\"><span>B\u0151vebben<\/span><\/a>[\/vc_column_inner][vc_column_inner width=&#8221;1\/3&#8243;][\/vc_column_inner][\/vc_row_inner][\/vc_column][\/vc_row][vc_row full_width=&#8221;stretch_row_content&#8221; equal_height=&#8221;yes&#8221; content_placement=&#8221;middle&#8221; el_id=&#8221;homeHygeneRow&#8221; el_class=&#8221;row-home&#8221;][vc_column width=&#8221;1\/2&#8243; el_class=&#8221;col-txt&#8221;][vc_row_inner][vc_column_inner width=&#8221;1\/3&#8243;][\/vc_column_inner][vc_column_inner width=&#8221;2\/3&#8243;][vc_custom_heading text=&#8221;Higi\u00e9niai eszk\u00f6z\u00f6k&#8221; use_theme_fonts=&#8221;yes&#8221;][vc_column_text]A biztons\u00e1g mellett az eg\u00e9szs\u00e9g meg\u0151rz\u00e9s\u00e9re is figyeln\u00fcnk kell, ehhez biztos\u00edtjuk az alapvet\u0151 higi\u00e9niai felt\u00e9teleket.<\/p>\n<ul>\n<li>WC<\/li>\n<li>k\u00e9zmos\u00f3<\/li>\n<\/ul>\n<p>[\/vc_column_text]<style type=\"text\/css\" data-type=\"the7_shortcodes-inline-css\">#default-btn-09e98c2ea47abea01b3405fa736c5ee4.ico-right-side > i {\n  margin-right: 0px;\n  margin-left: 8px;\n}\n#default-btn-09e98c2ea47abea01b3405fa736c5ee4 > i {\n  margin-right: 8px;\n}\n<\/style><a href=\"https:\/\/festivall.ro\/higieniai-eszkozok\/\" class=\"default-btn-shortcode dt-btn dt-btn-l link-hover-off btn-inline-left \" id=\"default-btn-09e98c2ea47abea01b3405fa736c5ee4\" title=\"Higi\u00e9niai eszk\u00f6z\u00f6k\"><span>B\u0151vebben<\/span><\/a>[\/vc_column_inner][\/vc_row_inner][\/vc_column][vc_column width=&#8221;1\/2&#8243; el_class=&#8221;col-img&#8221; css=&#8221;.vc_custom_1646066669117{background-image: url(https:\/\/festivall.ro\/wp-content\/uploads\/2022\/02\/bg-hygene.jpg?id=57) !important;background-position: center !important;background-repeat: no-repeat !important;background-size: cover !important;}&#8221;][vc_single_image image=&#8221;28&#8243; img_size=&#8221;full&#8221; alignment=&#8221;center&#8221;][\/vc_column][\/vc_row][vc_row full_width=&#8221;stretch_row_content&#8221; equal_height=&#8221;yes&#8221; content_placement=&#8221;middle&#8221; el_id=&#8221;homeElectronicsRow&#8221; el_class=&#8221;row-home&#8221;][vc_column width=&#8221;1\/2&#8243; el_class=&#8221;col-img&#8221; css=&#8221;.vc_custom_1646066694002{background-image: url(https:\/\/festivall.ro\/wp-content\/uploads\/2022\/02\/bg-electronics.jpg?id=56) !important;background-position: center !important;background-repeat: no-repeat !important;background-size: cover !important;}&#8221;][vc_single_image image=&#8221;30&#8243; img_size=&#8221;full&#8221; alignment=&#8221;center&#8221;][\/vc_column][vc_column width=&#8221;1\/2&#8243; el_class=&#8221;col-txt&#8221;][vc_row_inner][vc_column_inner width=&#8221;2\/3&#8243;][vc_custom_heading text=&#8221;Accesorii electrice&#8221; use_theme_fonts=&#8221;yes&#8221;][vc_column_text]Inchiriem consumabile pentru alimentarea cu energie electric\u0103 a evenimentelor \u0219i sta\u021biilor de lucru temporare.<\/p>\n<ul>\n<li>cabluri<\/li>\n<li>conectori<\/li>\n<li>cutii de jonc\u0163iune<\/li>\n<li>cabluri de extensie<\/li>\n<li>iluminare prin instala\u0163ii fir<\/li>\n<\/ul>\n<p>[\/vc_column_text]<style type=\"text\/css\" data-type=\"the7_shortcodes-inline-css\">#default-btn-852fb845d92d1700d84d57679aba552b.ico-right-side > i {\n  margin-right: 0px;\n  margin-left: 8px;\n}\n#default-btn-852fb845d92d1700d84d57679aba552b > i {\n  margin-right: 8px;\n}\n<\/style><a href=\"https:\/\/festivall.ro\/elektromos-kellekek\/\" class=\"default-btn-shortcode dt-btn dt-btn-l link-hover-off btn-inline-left \" id=\"default-btn-852fb845d92d1700d84d57679aba552b\" title=\"Elektromos kell\u00e9kek\"><span>B\u0151vebben<\/span><\/a>[\/vc_column_inner][vc_column_inner width=&#8221;1\/3&#8243;][\/vc_column_inner][\/vc_row_inner][\/vc_column][\/vc_row]<\/p>\n","protected":false},"excerpt":{"rendered":"<p>[vc_row equal_height=&#8221;yes&#8221; el_id=&#8221;homeTopIcons&#8221;][vc_column width=&#8221;1\/6&#8243;][\/vc_column][vc_column width=&#8221;1\/6&#8243;][\/vc_column][vc_column width=&#8221;1\/6&#8243;][\/vc_column][vc_column width=&#8221;1\/6&#8243;][\/vc_column][vc_column width=&#8221;1\/6&#8243;][\/vc_column][vc_column width=&#8221;1\/6&#8243;][\/vc_column][vc_column width=&#8221;1\/6&#8243;][\/vc_column][\/vc_row][vc_row full_width=&#8221;stretch_row_content&#8221; equal_height=&#8221;yes&#8221; content_placement=&#8221;middle&#8221; el_id=&#8221;homeTentRow&#8221; el_class=&#8221;row-home&#8221;][vc_column width=&#8221;1\/2&#8243; el_class=&#8221;col-img&#8221; css=&#8221;.vc_custom_1646026761559{background-image: url(https:\/\/festivall.ro\/wp-content\/uploads\/2022\/02\/bg-tents.jpg?id=39) !important;background-position: center !important;background-repeat: no-repeat !important;background-size: cover !important;}&#8221;][vc_single_image image=&#8221;32&#8243; img_size=&#8221;full&#8221; alignment=&#8221;center&#8221;][\/vc_column][vc_column width=&#8221;1\/2&#8243; el_class=&#8221;col-txt&#8221;][vc_row_inner][vc_column_inner width=&#8221;2\/3&#8243;][vc_custom_heading text=&#8221;Rendezv\u00e9nys\u00e1tor b\u00e9rl\u00e9s \u00e9s k\u00f6lcs\u00f6nz\u00e9s&#8221; use_theme_fonts=&#8221;yes&#8221;][vc_column_text]Egyedi alkalmakra tudunk megfelel\u0151 m\u00e9ret\u0171 \u00e9s beoszt\u00e1s\u00fa rendezv\u00e9ny s\u00e1trat k\u00f6lcs\u00f6n\u00f6zni. S\u00e1traink: 3&#215;3 5&#215;10 6&#215;8 afrikai [\/vc_column_text][\/vc_column_inner][vc_column_inner width=&#8221;1\/3&#8243;][\/vc_column_inner][\/vc_row_inner][\/vc_column][\/vc_row][vc_row full_width=&#8221;stretch_row_content&#8221; equal_height=&#8221;yes&#8221;&hellip;<\/p>\n","protected":false},"author":1,"featured_media":0,"parent":0,"menu_order":0,"comment_status":"closed","ping_status":"closed","template":"","meta":[],"_links":{"self":[{"href":"https:\/\/festivall.ro\/ro\/wp-json\/wp\/v2\/pages\/377"}],"collection":[{"href":"https:\/\/festivall.ro\/ro\/wp-json\/wp\/v2\/pages"}],"about":[{"href":"https:\/\/festivall.ro\/ro\/wp-json\/wp\/v2\/types\/page"}],"author":[{"embeddable":true,"href":"https:\/\/festivall.ro\/ro\/wp-json\/wp\/v2\/users\/1"}],"replies":[{"embeddable":true,"href":"https:\/\/festivall.ro\/ro\/wp-json\/wp\/v2\/comments?post=377"}],"version-history":[{"count":3,"href":"https:\/\/festivall.ro\/ro\/wp-json\/wp\/v2\/pages\/377\/revisions"}],"predecessor-version":[{"id":380,"href":"https:\/\/festivall.ro\/ro\/wp-json\/wp\/v2\/pages\/377\/revisions\/380"}],"wp:attachment":[{"href":"https:\/\/festivall.ro\/ro\/wp-json\/wp\/v2\/media?parent=377"}],"curies":[{"name":"wp","href":"https:\/\/api.w.org\/{rel}","templated":true}]}}